{"id":171,"date":"2021-03-13T02:52:53","date_gmt":"2021-03-13T00:52:53","guid":{"rendered":"https:\/\/www.katulapsikoulut.fi\/sivut\/?page_id=171"},"modified":"2021-03-15T03:42:13","modified_gmt":"2021-03-15T01:42:13","slug":"kenian-koulut","status":"publish","type":"page","link":"https:\/\/www.katulapsikoulut.fi\/sivut\/kenian-koulut\/","title":{"rendered":"Kenian koulu"},"content":{"rendered":"<p>Marko Koskinen<br \/>\n<em>12.3.2021<\/em><\/p>\n<h3>Koulun perustaminen<\/h3>\n<p><a href=\"https:\/\/www.katulapsikoulut.fi\/sivut\/wp-content\/uploads\/2021\/03\/factsheet_kenia_v2.png\"><img loading=\"lazy\" decoding=\"async\" class=\"wp-image-192 alignright\" src=\"https:\/\/www.katulapsikoulut.fi\/sivut\/wp-content\/uploads\/2021\/03\/factsheet_kenia_v2.png\" alt=\"\" width=\"505\" height=\"373\" srcset=\"https:\/\/www.katulapsikoulut.fi\/sivut\/wp-content\/uploads\/2021\/03\/factsheet_kenia_v2.png 1047w, https:\/\/www.katulapsikoulut.fi\/sivut\/wp-content\/uploads\/2021\/03\/factsheet_kenia_v2-300x222.png 300w, https:\/\/www.katulapsikoulut.fi\/sivut\/wp-content\/uploads\/2021\/03\/factsheet_kenia_v2-1024x757.png 1024w, https:\/\/www.katulapsikoulut.fi\/sivut\/wp-content\/uploads\/2021\/03\/factsheet_kenia_v2-768x568.png 768w, https:\/\/www.katulapsikoulut.fi\/sivut\/wp-content\/uploads\/2021\/03\/factsheet_kenia_v2-600x444.png 600w\" sizes=\"auto, (max-width: 505px) 100vw, 505px\" \/><\/a>St. Charles Lwangan lastenkeskus ja lukio perustettiin paikaksi, jossa katulapsia, orpoja, kodittomia, hyl\u00e4ttyj\u00e4 ja k\u00f6yhist\u00e4 taustoista k\u00e4rsivi\u00e4 lapsia pelastettiin, ja heille tarjottiin suojaa, ruokaa ja paikka, jota kutsua kodiksi. Keskuksen perustaja ja johtaja veli Kennedy on St. Charles Lwangan seurakunnan katolisten uskonnollisten veljien j\u00e4sen. H\u00e4n perusti keskuksen ker\u00e4\u00e4m\u00e4ll\u00e4 lapsia, jotka tulivat etsim\u00e4\u00e4n ruokaa ja suojaa veljeskunnan asuinpaikasta.<\/p>\n<p>Kennedy tarjosi lapsille ruokaa ja suojaa, ja auttoi heid\u00e4n kuntoutuksessaan ja sijoitti heid\u00e4t naapurikouluihin, mutta t\u00e4st\u00e4 tuli vaikeaa, koska nykyiset koulut eiv\u00e4t halunneet integroida lapsia kadulta luokkiinsa. T\u00e4m\u00e4 pakotti h\u00e4net vuonna 2010 aloittamaan oman keskuksen, jossa h\u00e4n muutti veljeskunnan v\u00e4h\u00e4n k\u00e4ytetyt asunnot luokiksi, asuntolaksi ja ruokasaliksi.<\/p>\n<h3>Avoin kaikille l\u00e4hialueen lapsille<\/h3>\n<p><a href=\"https:\/\/www.katulapsikoulut.fi\/sivut\/wp-content\/uploads\/2021\/03\/lwangachildren_003-scaled.jpg\"><img loading=\"lazy\" decoding=\"async\" class=\"alignleft wp-image-20\" src=\"https:\/\/www.katulapsikoulut.fi\/sivut\/wp-content\/uploads\/2021\/03\/lwangachildren_003-1024x768.jpg\" alt=\"\" width=\"449\" height=\"337\" srcset=\"https:\/\/www.katulapsikoulut.fi\/sivut\/wp-content\/uploads\/2021\/03\/lwangachildren_003-1024x768.jpg 1024w, https:\/\/www.katulapsikoulut.fi\/sivut\/wp-content\/uploads\/2021\/03\/lwangachildren_003-scaled-600x450.jpg 600w, https:\/\/www.katulapsikoulut.fi\/sivut\/wp-content\/uploads\/2021\/03\/lwangachildren_003-300x225.jpg 300w, https:\/\/www.katulapsikoulut.fi\/sivut\/wp-content\/uploads\/2021\/03\/lwangachildren_003-768x576.jpg 768w, https:\/\/www.katulapsikoulut.fi\/sivut\/wp-content\/uploads\/2021\/03\/lwangachildren_003-1536x1152.jpg 1536w, https:\/\/www.katulapsikoulut.fi\/sivut\/wp-content\/uploads\/2021\/03\/lwangachildren_003-2048x1536.jpg 2048w, https:\/\/www.katulapsikoulut.fi\/sivut\/wp-content\/uploads\/2021\/03\/lwangachildren_003-1440x1080.jpg 1440w\" sizes=\"auto, (max-width: 449px) 100vw, 449px\" \/><\/a>Lapset pelastetaan Nairobin ja muiden naapurikaupunkien slummeista, ja heille annetaan mahdollisuus opiskella ja lopettaa k\u00f6yhyyden ja kodittomuuden kierre. Nyky\u00e4\u00e4n lapset tai entiset katulapset, jotka el\u00e4v\u00e4t vaikeaa el\u00e4m\u00e4\u00e4 rikollisuuden ymp\u00e4r\u00f6imiss\u00e4 kaupunginosissa, k\u00e4ytt\u00e4v\u00e4t nyt ylpe\u00e4n\u00e4 koulunsa univormua ja kutsuvat lastenkeskusta &#8221;kodiksi&#8221;, jossa heille tarjotaan turvallinen asuinpaikka ja ruoka sek\u00e4 mahdollisuus saada lukiokoulutusta.<\/p>\n<p>Keskuksella ei ole virallista mainosta, mutta lasten keskuksessa saaman rakkauden, hoidon ja onnellisuuden vuoksi he voivat jakaa kesken\u00e4\u00e4n ja kutsua muita slummeista tulevia lapsia liittym\u00e4\u00e4n heid\u00e4n keskukseensa.<\/p>\n<h3>Talous ja tulevaisuus<\/h3>\n<p>Keskus on eritt\u00e4in riippuvainen ulkopuolisista tukijoista. Tulevaisuuden suunnitelmana on rakentaa iso ja tilava koulu, johon mahtuu enemm\u00e4n lapsia, ja auttaa heit\u00e4 hankkimaan tietoa ja koulutusta, mik\u00e4 auttaa v\u00e4hent\u00e4m\u00e4\u00e4n alueen k\u00f6yhyyskierrett\u00e4.<\/p>\n<p>Keskus sijaitsee Ruai-Nairobissa &#8211; Keniassa, 2 km:n p\u00e4\u00e4ss\u00e4 kangundo-tielt\u00e4, alueella, jonka asukasluku on alle 2000. Suurin osa asukkaista on i\u00e4kk\u00e4it\u00e4, eik\u00e4 heill\u00e4 ole pysyv\u00e4\u00e4 ty\u00f6paikkaa perheens\u00e4 tukemiseksi. Ilmasto-olosuhteet ovat tehneet siit\u00e4 ep\u00e4suotuisan maatalouden k\u00e4ytt\u00f6\u00f6n. T\u00e4m\u00e4 on johtanut hitaaseen talouskasvuun ja huonoon el\u00e4m\u00e4ntyyliin, mik\u00e4 on osaltaan johtanut korkeaan k\u00f6yhyysasteeseen, mink\u00e4 vuoksi lapset p\u00e4\u00e4tyv\u00e4t kaduille etsim\u00e4\u00e4n ruokaa ik\u00e4\u00e4ntyvien vanhempien tukemiseksi. Alueella on korkea HIV- ja AIDS-infektiom\u00e4\u00e4r\u00e4, mik\u00e4 on vaikuttanut orpojen lasten suureen m\u00e4\u00e4r\u00e4\u00e4n.<\/p>\n<h3>Opetus ja koulun k\u00e4yt\u00e4nteet<\/h3>\n<p><a href=\"https:\/\/www.katulapsikoulut.fi\/sivut\/wp-content\/uploads\/2021\/03\/lwangachildren_005-scaled.jpg\"><img loading=\"lazy\" decoding=\"async\" class=\"alignright wp-image-22\" src=\"https:\/\/www.katulapsikoulut.fi\/sivut\/wp-content\/uploads\/2021\/03\/lwangachildren_005-1024x768.jpg\" alt=\"\" width=\"537\" height=\"403\" srcset=\"https:\/\/www.katulapsikoulut.fi\/sivut\/wp-content\/uploads\/2021\/03\/lwangachildren_005-1024x768.jpg 1024w, https:\/\/www.katulapsikoulut.fi\/sivut\/wp-content\/uploads\/2021\/03\/lwangachildren_005-scaled-600x450.jpg 600w, https:\/\/www.katulapsikoulut.fi\/sivut\/wp-content\/uploads\/2021\/03\/lwangachildren_005-300x225.jpg 300w, https:\/\/www.katulapsikoulut.fi\/sivut\/wp-content\/uploads\/2021\/03\/lwangachildren_005-768x576.jpg 768w, https:\/\/www.katulapsikoulut.fi\/sivut\/wp-content\/uploads\/2021\/03\/lwangachildren_005-1536x1152.jpg 1536w, https:\/\/www.katulapsikoulut.fi\/sivut\/wp-content\/uploads\/2021\/03\/lwangachildren_005-2048x1536.jpg 2048w, https:\/\/www.katulapsikoulut.fi\/sivut\/wp-content\/uploads\/2021\/03\/lwangachildren_005-1440x1080.jpg 1440w\" sizes=\"auto, (max-width: 537px) 100vw, 537px\" \/><\/a>Keskus noudattaa Kenian opetussuunnitelmaa, jossa lapsi viett\u00e4\u00e4 8 vuotta peruskoulussa, 4 vuotta lukiossa ja 4 vuotta korkeakoulutasolla, vaikka pyrkimyksen\u00e4 onkin ottaa k\u00e4ytt\u00f6\u00f6n osaamiseen perustuva opetussuunnitelma. Keskuksen henkil\u00f6kunta koostuu seuraavista: johtaja, kirjanpit\u00e4j\u00e4, sosiaality\u00f6ntekij\u00e4, rehtori ja opettajat.<\/p>\n<p>Koululla on aikataulu, joka ohjaa oppijoita ja opettajia heid\u00e4n p\u00e4ivitt\u00e4isess\u00e4 toiminnassa, mukaan lukien oppimisprosessi ja harrastustoiminta.<\/p>\n<p>Opiskelu tapahtuu niin, ett\u00e4 oppilaat asettavat omat tavoitteensa ja opettajat auttavat heit\u00e4 saavuttamaan p\u00e4\u00e4m\u00e4\u00e4r\u00e4t. Oppilaat osallistuvat my\u00f6s p\u00e4\u00e4t\u00f6ksentekoon, koska heill\u00e4 on opiskelijajohtajia, jotka osallistuu henkil\u00f6st\u00f6kokouksiin.<\/p>\n<p>Opiskeluprosessi on osallistava ja sosiaalinen.<\/p>\n<h3>Lis\u00e4tietoa<\/h3>\n<p><a href=\"https:\/\/www.lwangachildren.org\/school\/\" target=\"_blank\" rel=\"noopener\">www.lwangachildren.org<\/a><\/p>\n<h3>Ker\u00e4ystulojen kohdennus<\/h3>\n<p>Ker\u00e4yksen tuloilla varmistamme koulun toiminnan jatkuvuuden.<\/p>\n<p><strong>Koulun kulurakenne \/ kk<\/strong><\/p>\n<p>1. Ruoka 270 \u20ac<br \/>\n2. Koulukirjat 260 \u20ac<br \/>\n3. Opiskelu- ja opetusv\u00e4lineet 60 \u20ac<br \/>\n<strong>Yhteens\u00e4: 590 \u20ac<\/strong><\/p>\n<p><strong>Tavoite hankkia ker\u00e4yksell\u00e4 rahoitus 6 kk:ksi, yhteens\u00e4: 3 540 \u20ac<\/strong><\/p>\n<p>&nbsp;<\/p>\n","protected":false},"excerpt":{"rendered":"<p>Marko Koskinen 12.3.2021 Koulun perustaminen St. Charles Lwangan lastenkeskus ja lukio perustettiin paikaksi, jossa katulapsia, orpoja, kodittomia, hyl\u00e4ttyj\u00e4 ja k\u00f6yhist\u00e4 taustoista k\u00e4rsivi\u00e4 lapsia pelastettiin, ja heille tarjottiin suojaa, ruokaa ja paikka, jota kutsua kodiksi. Keskuksen perustaja ja johtaja veli Kennedy on St. Charles Lwangan seurakunnan katolisten uskonnollisten veljien j\u00e4sen. H\u00e4n perusti keskuksen ker\u00e4\u00e4m\u00e4ll\u00e4 lapsia, jotka&hellip; <br \/> <a class=\"read-more\" href=\"https:\/\/www.katulapsikoulut.fi\/sivut\/kenian-koulut\/\">Read more<\/a><\/p>\n","protected":false},"author":1,"featured_media":310,"parent":0,"menu_order":0,"comment_status":"closed","ping_status":"closed","template":"","meta":{"footnotes":""},"class_list":["post-171","page","type-page","status-publish","has-post-thumbnail","hentry"],"_links":{"self":[{"href":"https:\/\/www.katulapsikoulut.fi\/sivut\/wp-json\/wp\/v2\/pages\/171","targetHints":{"allow":["GET"]}}],"collection":[{"href":"https:\/\/www.katulapsikoulut.fi\/sivut\/wp-json\/wp\/v2\/pages"}],"about":[{"href":"https:\/\/www.katulapsikoulut.fi\/sivut\/wp-json\/wp\/v2\/types\/page"}],"author":[{"embeddable":true,"href":"https:\/\/www.katulapsikoulut.fi\/sivut\/wp-json\/wp\/v2\/users\/1"}],"replies":[{"embeddable":true,"href":"https:\/\/www.katulapsikoulut.fi\/sivut\/wp-json\/wp\/v2\/comments?post=171"}],"version-history":[{"count":8,"href":"https:\/\/www.katulapsikoulut.fi\/sivut\/wp-json\/wp\/v2\/pages\/171\/revisions"}],"predecessor-version":[{"id":340,"href":"https:\/\/www.katulapsikoulut.fi\/sivut\/wp-json\/wp\/v2\/pages\/171\/revisions\/340"}],"wp:featuredmedia":[{"embeddable":true,"href":"https:\/\/www.katulapsikoulut.fi\/sivut\/wp-json\/wp\/v2\/media\/310"}],"wp:attachment":[{"href":"https:\/\/www.katulapsikoulut.fi\/sivut\/wp-json\/wp\/v2\/media?parent=171"}],"curies":[{"name":"wp","href":"https:\/\/api.w.org\/{rel}","templated":true}]}}